{"id":273,"date":"2026-03-14T13:13:20","date_gmt":"2026-03-14T13:13:20","guid":{"rendered":"https:\/\/vandelftinterieur.nl\/?page_id=273"},"modified":"2026-03-15T19:44:38","modified_gmt":"2026-03-15T19:44:38","slug":"overkapping","status":"publish","type":"page","link":"https:\/\/vandelftinterieur.nl\/?page_id=273","title":{"rendered":"Overkapping"},"content":{"rendered":"\n<div class=\"wp-block-group has-mono-1-background-color has-background is-layout-flow wp-container-core-group-is-layout-ce397403 wp-block-group-is-layout-flow\" style=\"margin-top:0;margin-bottom:0;padding-top:0;padding-right:0;padding-bottom:0;padding-left:0\">\n<div class=\"wp-block-cover is-light\" style=\"padding-top:var(--wp--preset--spacing--superbspacing-xlarge);padding-right:0;padding-bottom:var(--wp--preset--spacing--superbspacing-xlarge);padding-left:0;min-height:50px;aspect-ratio:unset;\"><img loading=\"lazy\" decoding=\"async\" width=\"2560\" height=\"1920\" class=\"wp-block-cover__image-background wp-image-66 size-full\" alt=\"\" src=\"https:\/\/vandelftinterieur.nl\/wp-content\/uploads\/2026\/03\/image00032-scaled.jpeg\" style=\"object-position:51% 75%\" data-object-fit=\"cover\" data-object-position=\"51% 75%\" srcset=\"https:\/\/vandelftinterieur.nl\/wp-content\/uploads\/2026\/03\/image00032-scaled.jpeg 2560w, https:\/\/vandelftinterieur.nl\/wp-content\/uploads\/2026\/03\/image00032-300x225.jpeg 300w, https:\/\/vandelftinterieur.nl\/wp-content\/uploads\/2026\/03\/image00032-1024x768.jpeg 1024w, https:\/\/vandelftinterieur.nl\/wp-content\/uploads\/2026\/03\/image00032-768x576.jpeg 768w, https:\/\/vandelftinterieur.nl\/wp-content\/uploads\/2026\/03\/image00032-1536x1152.jpeg 1536w, https:\/\/vandelftinterieur.nl\/wp-content\/uploads\/2026\/03\/image00032-2048x1536.jpeg 2048w\" sizes=\"auto, (max-width: 2560px) 100vw, 2560px\" \/><span aria-hidden=\"true\" class=\"wp-block-cover__background has-background-dim-40 has-background-dim\" style=\"background-color:#889199\"><\/span><div class=\"wp-block-cover__inner-container is-layout-flow wp-block-cover-is-layout-flow\">\n<div class=\"wp-block-group has-global-padding is-layout-constrained wp-container-core-group-is-layout-27ec71c5 wp-block-group-is-layout-constrained\" style=\"padding-top:0;padding-right:var(--wp--preset--spacing--superbspacing-small);padding-bottom:0;padding-left:var(--wp--preset--spacing--superbspacing-small)\">\n<div class=\"wp-block-group has-global-padding is-content-justification-center is-layout-constrained wp-container-core-group-is-layout-32b5ec3b wp-block-group-is-layout-constrained\" style=\"margin-top:0;margin-bottom:0\">\n<h1 class=\"wp-block-heading has-text-align-center has-text-color has-superbfont-xxlarge-font-size\" style=\"color:#fdfdfd;font-style:normal;font-weight:400\">PRODUCTEN MET EEN VERHAAL<\/h1>\n\n\n\n<div class=\"wp-block-buttons is-content-justification-center is-layout-flex wp-container-core-buttons-is-layout-a89b3969 wp-block-buttons-is-layout-flex\">\n<div class=\"wp-block-button is-style-outline is-style-outline--1\"><a class=\"wp-block-button__link has-contrast-light-color has-text-color has-link-color has-border-color has-contrast-light-border-color wp-element-button\" style=\"border-width:1px\">Neem contact op<\/a><\/div>\n\n\n\n<div class=\"wp-block-button\"><a class=\"wp-block-button__link wp-element-button\">Vind ons op google maps<\/a><\/div>\n<\/div>\n<\/div>\n<\/div>\n<\/div><\/div>\n<\/div>\n\n\n\n<div class=\"wp-block-group alignfull has-mono-4-background-color has-background has-global-padding is-layout-constrained wp-container-core-group-is-layout-129f6e7c wp-block-group-is-layout-constrained\" style=\"margin-top:0;margin-bottom:0;padding-top:var(--wp--preset--spacing--superbspacing-large);padding-right:var(--wp--preset--spacing--superbspacing-small);padding-bottom:var(--wp--preset--spacing--superbspacing-large);padding-left:var(--wp--preset--spacing--superbspacing-small)\">\n<div class=\"wp-block-columns alignwide is-layout-flex wp-container-core-columns-is-layout-25593187 wp-block-columns-is-layout-flex\">\n<div class=\"wp-block-column is-vertically-aligned-center is-layout-flow wp-container-core-column-is-layout-a1628350 wp-block-column-is-layout-flow\" style=\"padding-top:0;padding-right:0;padding-bottom:0;padding-left:0\">\n<div class=\"wp-block-group is-layout-flow wp-container-core-group-is-layout-ff697075 wp-block-group-is-layout-flow\">\n<h3 class=\"wp-block-heading has-text-align-left has-superbfont-xlarge-font-size\" style=\"line-height:1.2\">Overkapping<\/h3>\n\n\n\n<p><\/p>\n\n\n\n<p>Een overkapping is de perfecte plek om meer uit je tuin te halen. Wij maken overkappingen volledig op maat, passend bij jouw tuin en wensen.<\/p>\n\n\n\n<p>We beginnen met een persoonlijk gesprek waarin we samen kijken naar het ontwerp en de mogelijkheden. Daarna werken we het idee uit en zorgen we voor de complete plaatsing. Zo ontstaat er een unieke overkapping waar je jarenlang van kunt genieten.<\/p>\n\n\n\n<p class=\"has-mono-2-color has-text-color has-link-color wp-elements-b0c8176ff59e6f8be2338a3417cabcd0\">Door samenwerking met vaste vakmensen nemen wij het complete project uit handen. E\u00e9n aanspreekpunt, \u00e9\u00e9n planning, alles geregeld.<\/p>\n<\/div>\n<\/div>\n<\/div>\n\n\n\n<figure class=\"wp-block-gallery has-nested-images columns-3 is-cropped wp-block-gallery-2 is-layout-flex wp-block-gallery-is-layout-flex\">\n<figure class=\"wp-block-image size-full\"><img loading=\"lazy\" decoding=\"async\" width=\"1920\" height=\"2560\" data-id=\"94\" src=\"https:\/\/vandelftinterieur.nl\/wp-content\/uploads\/2026\/03\/image00059-scaled.jpeg\" alt=\"\" class=\"wp-image-94\" style=\"aspect-ratio:1\" srcset=\"https:\/\/vandelftinterieur.nl\/wp-content\/uploads\/2026\/03\/image00059-scaled.jpeg 1920w, https:\/\/vandelftinterieur.nl\/wp-content\/uploads\/2026\/03\/image00059-225x300.jpeg 225w, https:\/\/vandelftinterieur.nl\/wp-content\/uploads\/2026\/03\/image00059-768x1024.jpeg 768w, https:\/\/vandelftinterieur.nl\/wp-content\/uploads\/2026\/03\/image00059-1152x1536.jpeg 1152w, https:\/\/vandelftinterieur.nl\/wp-content\/uploads\/2026\/03\/image00059-1536x2048.jpeg 1536w\" sizes=\"auto, (max-width: 1920px) 100vw, 1920px\" \/><\/figure>\n\n\n\n<figure class=\"wp-block-image size-full\"><img loading=\"lazy\" decoding=\"async\" width=\"1920\" height=\"2560\" data-id=\"93\" src=\"https:\/\/vandelftinterieur.nl\/wp-content\/uploads\/2026\/03\/image00058-scaled.jpeg\" alt=\"\" class=\"wp-image-93\" style=\"aspect-ratio:1\" srcset=\"https:\/\/vandelftinterieur.nl\/wp-content\/uploads\/2026\/03\/image00058-scaled.jpeg 1920w, https:\/\/vandelftinterieur.nl\/wp-content\/uploads\/2026\/03\/image00058-225x300.jpeg 225w, https:\/\/vandelftinterieur.nl\/wp-content\/uploads\/2026\/03\/image00058-768x1024.jpeg 768w, https:\/\/vandelftinterieur.nl\/wp-content\/uploads\/2026\/03\/image00058-1152x1536.jpeg 1152w, https:\/\/vandelftinterieur.nl\/wp-content\/uploads\/2026\/03\/image00058-1536x2048.jpeg 1536w\" sizes=\"auto, (max-width: 1920px) 100vw, 1920px\" \/><\/figure>\n\n\n\n<figure class=\"wp-block-image size-full\"><img loading=\"lazy\" decoding=\"async\" width=\"2560\" height=\"1920\" data-id=\"26\" src=\"https:\/\/vandelftinterieur.nl\/wp-content\/uploads\/2026\/03\/image00137-scaled.jpeg\" alt=\"\" class=\"wp-image-26\" style=\"aspect-ratio:1\" srcset=\"https:\/\/vandelftinterieur.nl\/wp-content\/uploads\/2026\/03\/image00137-scaled.jpeg 2560w, https:\/\/vandelftinterieur.nl\/wp-content\/uploads\/2026\/03\/image00137-300x225.jpeg 300w, https:\/\/vandelftinterieur.nl\/wp-content\/uploads\/2026\/03\/image00137-1024x768.jpeg 1024w, https:\/\/vandelftinterieur.nl\/wp-content\/uploads\/2026\/03\/image00137-768x576.jpeg 768w, https:\/\/vandelftinterieur.nl\/wp-content\/uploads\/2026\/03\/image00137-1536x1152.jpeg 1536w, https:\/\/vandelftinterieur.nl\/wp-content\/uploads\/2026\/03\/image00137-2048x1536.jpeg 2048w\" sizes=\"auto, (max-width: 2560px) 100vw, 2560px\" \/><\/figure>\n\n\n\n<figure class=\"wp-block-image size-full\"><img loading=\"lazy\" decoding=\"async\" width=\"1920\" height=\"2560\" data-id=\"25\" src=\"https:\/\/vandelftinterieur.nl\/wp-content\/uploads\/2026\/03\/image00136-scaled.jpeg\" alt=\"\" class=\"wp-image-25\" style=\"aspect-ratio:1\" srcset=\"https:\/\/vandelftinterieur.nl\/wp-content\/uploads\/2026\/03\/image00136-scaled.jpeg 1920w, https:\/\/vandelftinterieur.nl\/wp-content\/uploads\/2026\/03\/image00136-225x300.jpeg 225w, https:\/\/vandelftinterieur.nl\/wp-content\/uploads\/2026\/03\/image00136-768x1024.jpeg 768w, https:\/\/vandelftinterieur.nl\/wp-content\/uploads\/2026\/03\/image00136-1152x1536.jpeg 1152w, https:\/\/vandelftinterieur.nl\/wp-content\/uploads\/2026\/03\/image00136-1536x2048.jpeg 1536w\" sizes=\"auto, (max-width: 1920px) 100vw, 1920px\" \/><\/figure>\n\n\n\n<figure class=\"wp-block-image size-full\"><img loading=\"lazy\" decoding=\"async\" width=\"2560\" height=\"1920\" data-id=\"24\" src=\"https:\/\/vandelftinterieur.nl\/wp-content\/uploads\/2026\/03\/image00135-scaled.jpeg\" alt=\"\" class=\"wp-image-24\" style=\"aspect-ratio:1\" srcset=\"https:\/\/vandelftinterieur.nl\/wp-content\/uploads\/2026\/03\/image00135-scaled.jpeg 2560w, https:\/\/vandelftinterieur.nl\/wp-content\/uploads\/2026\/03\/image00135-300x225.jpeg 300w, https:\/\/vandelftinterieur.nl\/wp-content\/uploads\/2026\/03\/image00135-1024x768.jpeg 1024w, https:\/\/vandelftinterieur.nl\/wp-content\/uploads\/2026\/03\/image00135-768x576.jpeg 768w, https:\/\/vandelftinterieur.nl\/wp-content\/uploads\/2026\/03\/image00135-1536x1152.jpeg 1536w, https:\/\/vandelftinterieur.nl\/wp-content\/uploads\/2026\/03\/image00135-2048x1536.jpeg 2048w\" sizes=\"auto, (max-width: 2560px) 100vw, 2560px\" \/><\/figure>\n\n\n\n<figure class=\"wp-block-image size-full\"><img loading=\"lazy\" decoding=\"async\" width=\"1440\" height=\"2560\" data-id=\"23\" src=\"https:\/\/vandelftinterieur.nl\/wp-content\/uploads\/2026\/03\/image00134-scaled.jpeg\" alt=\"\" class=\"wp-image-23\" style=\"aspect-ratio:1\" srcset=\"https:\/\/vandelftinterieur.nl\/wp-content\/uploads\/2026\/03\/image00134-scaled.jpeg 1440w, https:\/\/vandelftinterieur.nl\/wp-content\/uploads\/2026\/03\/image00134-169x300.jpeg 169w, https:\/\/vandelftinterieur.nl\/wp-content\/uploads\/2026\/03\/image00134-576x1024.jpeg 576w, https:\/\/vandelftinterieur.nl\/wp-content\/uploads\/2026\/03\/image00134-768x1365.jpeg 768w, https:\/\/vandelftinterieur.nl\/wp-content\/uploads\/2026\/03\/image00134-864x1536.jpeg 864w, https:\/\/vandelftinterieur.nl\/wp-content\/uploads\/2026\/03\/image00134-1152x2048.jpeg 1152w\" sizes=\"auto, (max-width: 1440px) 100vw, 1440px\" \/><\/figure>\n<\/figure>\n<\/div>\n","protected":false},"excerpt":{"rendered":"<p>Overkapping Een overkapping is de perfecte plek om meer uit je tuin te halen. Wij maken overkappingen volledig op maat, passend bij jouw tuin en wensen. We beginnen met een persoonlijk gesprek waarin we samen kijken naar het ontwerp en de mogelijkheden. Daarna werken we het idee uit en zorgen we voor de complete plaatsing. [&hellip;]<\/p>\n","protected":false},"author":1,"featured_media":0,"parent":0,"menu_order":0,"comment_status":"closed","ping_status":"closed","template":"superbaddons-page-template","meta":{"footnotes":""},"class_list":["post-273","page","type-page","status-publish","hentry"],"_links":{"self":[{"href":"https:\/\/vandelftinterieur.nl\/index.php?rest_route=\/wp\/v2\/pages\/273","targetHints":{"allow":["GET"]}}],"collection":[{"href":"https:\/\/vandelftinterieur.nl\/index.php?rest_route=\/wp\/v2\/pages"}],"about":[{"href":"https:\/\/vandelftinterieur.nl\/index.php?rest_route=\/wp\/v2\/types\/page"}],"author":[{"embeddable":true,"href":"https:\/\/vandelftinterieur.nl\/index.php?rest_route=\/wp\/v2\/users\/1"}],"replies":[{"embeddable":true,"href":"https:\/\/vandelftinterieur.nl\/index.php?rest_route=%2Fwp%2Fv2%2Fcomments&post=273"}],"version-history":[{"count":4,"href":"https:\/\/vandelftinterieur.nl\/index.php?rest_route=\/wp\/v2\/pages\/273\/revisions"}],"predecessor-version":[{"id":340,"href":"https:\/\/vandelftinterieur.nl\/index.php?rest_route=\/wp\/v2\/pages\/273\/revisions\/340"}],"wp:attachment":[{"href":"https:\/\/vandelftinterieur.nl\/index.php?rest_route=%2Fwp%2Fv2%2Fmedia&parent=273"}],"curies":[{"name":"wp","href":"https:\/\/api.w.org\/{rel}","templated":true}]}}