{"id":270,"date":"2026-03-14T13:11:31","date_gmt":"2026-03-14T13:11:31","guid":{"rendered":"https:\/\/vandelftinterieur.nl\/?page_id=270"},"modified":"2026-03-16T19:42:33","modified_gmt":"2026-03-16T19:42:33","slug":"binnendeuren-voordeuren","status":"publish","type":"page","link":"https:\/\/vandelftinterieur.nl\/?page_id=270","title":{"rendered":"Binnendeuren &amp; Voordeuren"},"content":{"rendered":"\n<div class=\"wp-block-group has-mono-1-background-color has-background is-layout-flow wp-container-core-group-is-layout-ce397403 wp-block-group-is-layout-flow\" style=\"margin-top:0;margin-bottom:0;padding-top:0;padding-right:0;padding-bottom:0;padding-left:0\">\n<div class=\"wp-block-cover is-light\" style=\"padding-top:var(--wp--preset--spacing--superbspacing-xlarge);padding-right:0;padding-bottom:var(--wp--preset--spacing--superbspacing-xlarge);padding-left:0;min-height:50px;aspect-ratio:unset;\"><img loading=\"lazy\" decoding=\"async\" width=\"2560\" height=\"1920\" class=\"wp-block-cover__image-background wp-image-66 size-full\" alt=\"\" src=\"https:\/\/vandelftinterieur.nl\/wp-content\/uploads\/2026\/03\/image00032-scaled.jpeg\" style=\"object-position:51% 75%\" data-object-fit=\"cover\" data-object-position=\"51% 75%\" srcset=\"https:\/\/vandelftinterieur.nl\/wp-content\/uploads\/2026\/03\/image00032-scaled.jpeg 2560w, https:\/\/vandelftinterieur.nl\/wp-content\/uploads\/2026\/03\/image00032-300x225.jpeg 300w, https:\/\/vandelftinterieur.nl\/wp-content\/uploads\/2026\/03\/image00032-1024x768.jpeg 1024w, https:\/\/vandelftinterieur.nl\/wp-content\/uploads\/2026\/03\/image00032-768x576.jpeg 768w, https:\/\/vandelftinterieur.nl\/wp-content\/uploads\/2026\/03\/image00032-1536x1152.jpeg 1536w, https:\/\/vandelftinterieur.nl\/wp-content\/uploads\/2026\/03\/image00032-2048x1536.jpeg 2048w\" sizes=\"auto, (max-width: 2560px) 100vw, 2560px\" \/><span aria-hidden=\"true\" class=\"wp-block-cover__background has-background-dim-40 has-background-dim\" style=\"background-color:#889199\"><\/span><div class=\"wp-block-cover__inner-container is-layout-flow wp-block-cover-is-layout-flow\">\n<div class=\"wp-block-group has-global-padding is-layout-constrained wp-container-core-group-is-layout-27ec71c5 wp-block-group-is-layout-constrained\" style=\"padding-top:0;padding-right:var(--wp--preset--spacing--superbspacing-small);padding-bottom:0;padding-left:var(--wp--preset--spacing--superbspacing-small)\">\n<div class=\"wp-block-group has-global-padding is-content-justification-center is-layout-constrained wp-container-core-group-is-layout-32b5ec3b wp-block-group-is-layout-constrained\" style=\"margin-top:0;margin-bottom:0\">\n<h1 class=\"wp-block-heading has-text-align-center has-text-color has-superbfont-xxlarge-font-size\" style=\"color:#fdfdfd;font-style:normal;font-weight:400\">PRODUCTEN MET EEN VERHAAL<\/h1>\n\n\n\n<div class=\"wp-block-buttons is-content-justification-center is-layout-flex wp-container-core-buttons-is-layout-a89b3969 wp-block-buttons-is-layout-flex\">\n<div class=\"wp-block-button is-style-outline is-style-outline--1\"><a class=\"wp-block-button__link has-contrast-light-color has-text-color has-link-color has-border-color has-contrast-light-border-color wp-element-button\" style=\"border-width:1px\">Neem contact op<\/a><\/div>\n\n\n\n<div class=\"wp-block-button\"><a class=\"wp-block-button__link wp-element-button\">Vind ons op google maps<\/a><\/div>\n<\/div>\n<\/div>\n<\/div>\n<\/div><\/div>\n<\/div>\n\n\n\n<div class=\"wp-block-group alignfull has-mono-4-background-color has-background has-global-padding is-layout-constrained wp-container-core-group-is-layout-129f6e7c wp-block-group-is-layout-constrained\" style=\"margin-top:0;margin-bottom:0;padding-top:var(--wp--preset--spacing--superbspacing-large);padding-right:var(--wp--preset--spacing--superbspacing-small);padding-bottom:var(--wp--preset--spacing--superbspacing-large);padding-left:var(--wp--preset--spacing--superbspacing-small)\">\n<div class=\"wp-block-columns alignwide is-layout-flex wp-container-core-columns-is-layout-25593187 wp-block-columns-is-layout-flex\">\n<div class=\"wp-block-column is-vertically-aligned-center is-layout-flow wp-container-core-column-is-layout-a1628350 wp-block-column-is-layout-flow\" style=\"padding-top:0;padding-right:0;padding-bottom:0;padding-left:0\">\n<div class=\"wp-block-group is-layout-flow wp-container-core-group-is-layout-ff697075 wp-block-group-is-layout-flow\">\n<h3 class=\"wp-block-heading has-text-align-left has-superbfont-xlarge-font-size\" style=\"line-height:1.2\">Binnendeuren &amp; Voordeuren<\/h3>\n\n\n\n<p><\/p>\n\n\n\n<p class=\"has-mono-2-color has-text-color has-link-color wp-elements-69d007210b65be2e53f94a21a89d211d\">Maatwerk deuren geven uw woning een unieke uitstraling. Wij ontwerpen, tekenen, maken en plaatsen binnendeuren en voordeuren die passen bij de stijl van het huis. Hiernaast zorgen wij ook voor een mooie &amp; duurzame afwerking.<\/p>\n\n\n\n<p><\/p>\n\n\n\n<p><strong>Van idee tot realisatie<\/strong><\/p>\n\n\n\n<p>1. Ori\u00ebntatiegesprek: We bespreken indeling, stijl, kleuren en budget.<\/p>\n\n\n\n<p>2. 3D ontwerp: U ontvangt een realistische 3D tekening van uw nieuwe deur.<\/p>\n\n\n\n<p>3. Complete ontzorging mogelijk:<\/p>\n\n\n\n<p>Wij kunnen het volledige traject verzorgen:<\/p>\n\n\n\n<ul class=\"wp-block-list\">\n<li>Sloopwerk<\/li>\n\n\n\n<li>Elektra<\/li>\n\n\n\n<li>Installatie<\/li>\n\n\n\n<li>Montage<\/li>\n<\/ul>\n\n\n\n<p class=\"has-mono-2-color has-text-color has-link-color wp-elements-b0c8176ff59e6f8be2338a3417cabcd0\">Door samenwerking met vaste vakmensen nemen wij het complete project uit handen. E\u00e9n aanspreekpunt, \u00e9\u00e9n planning, alles geregeld.<\/p>\n<\/div>\n<\/div>\n<\/div>\n\n\n\n<figure class=\"wp-block-gallery has-nested-images columns-3 is-cropped wp-block-gallery-2 is-layout-flex wp-block-gallery-is-layout-flex\">\n<figure class=\"wp-block-image size-full\"><img loading=\"lazy\" decoding=\"async\" width=\"1920\" height=\"2560\" data-id=\"161\" src=\"https:\/\/vandelftinterieur.nl\/wp-content\/uploads\/2026\/03\/image00126-scaled.jpeg\" alt=\"\" class=\"wp-image-161\" style=\"aspect-ratio:1\" srcset=\"https:\/\/vandelftinterieur.nl\/wp-content\/uploads\/2026\/03\/image00126-scaled.jpeg 1920w, https:\/\/vandelftinterieur.nl\/wp-content\/uploads\/2026\/03\/image00126-225x300.jpeg 225w, https:\/\/vandelftinterieur.nl\/wp-content\/uploads\/2026\/03\/image00126-768x1024.jpeg 768w, https:\/\/vandelftinterieur.nl\/wp-content\/uploads\/2026\/03\/image00126-1152x1536.jpeg 1152w, https:\/\/vandelftinterieur.nl\/wp-content\/uploads\/2026\/03\/image00126-1536x2048.jpeg 1536w\" sizes=\"auto, (max-width: 1920px) 100vw, 1920px\" \/><\/figure>\n\n\n\n<figure class=\"wp-block-image size-full\"><img loading=\"lazy\" decoding=\"async\" width=\"1920\" height=\"2560\" data-id=\"159\" src=\"https:\/\/vandelftinterieur.nl\/wp-content\/uploads\/2026\/03\/image00124-scaled.jpeg\" alt=\"\" class=\"wp-image-159\" style=\"aspect-ratio:1\" srcset=\"https:\/\/vandelftinterieur.nl\/wp-content\/uploads\/2026\/03\/image00124-scaled.jpeg 1920w, https:\/\/vandelftinterieur.nl\/wp-content\/uploads\/2026\/03\/image00124-225x300.jpeg 225w, https:\/\/vandelftinterieur.nl\/wp-content\/uploads\/2026\/03\/image00124-768x1024.jpeg 768w, https:\/\/vandelftinterieur.nl\/wp-content\/uploads\/2026\/03\/image00124-1152x1536.jpeg 1152w, https:\/\/vandelftinterieur.nl\/wp-content\/uploads\/2026\/03\/image00124-1536x2048.jpeg 1536w\" sizes=\"auto, (max-width: 1920px) 100vw, 1920px\" \/><\/figure>\n\n\n\n<figure class=\"wp-block-image size-full\"><img loading=\"lazy\" decoding=\"async\" width=\"1920\" height=\"2560\" data-id=\"127\" src=\"https:\/\/vandelftinterieur.nl\/wp-content\/uploads\/2026\/03\/image00092-scaled.jpeg\" alt=\"\" class=\"wp-image-127\" style=\"aspect-ratio:1\" srcset=\"https:\/\/vandelftinterieur.nl\/wp-content\/uploads\/2026\/03\/image00092-scaled.jpeg 1920w, https:\/\/vandelftinterieur.nl\/wp-content\/uploads\/2026\/03\/image00092-225x300.jpeg 225w, https:\/\/vandelftinterieur.nl\/wp-content\/uploads\/2026\/03\/image00092-768x1024.jpeg 768w, https:\/\/vandelftinterieur.nl\/wp-content\/uploads\/2026\/03\/image00092-1152x1536.jpeg 1152w, https:\/\/vandelftinterieur.nl\/wp-content\/uploads\/2026\/03\/image00092-1536x2048.jpeg 1536w\" sizes=\"auto, (max-width: 1920px) 100vw, 1920px\" \/><\/figure>\n\n\n\n<figure class=\"wp-block-image size-full\"><img loading=\"lazy\" decoding=\"async\" width=\"1920\" height=\"2560\" data-id=\"126\" src=\"https:\/\/vandelftinterieur.nl\/wp-content\/uploads\/2026\/03\/image00091-scaled.jpeg\" alt=\"\" class=\"wp-image-126\" style=\"aspect-ratio:1\" srcset=\"https:\/\/vandelftinterieur.nl\/wp-content\/uploads\/2026\/03\/image00091-scaled.jpeg 1920w, https:\/\/vandelftinterieur.nl\/wp-content\/uploads\/2026\/03\/image00091-225x300.jpeg 225w, https:\/\/vandelftinterieur.nl\/wp-content\/uploads\/2026\/03\/image00091-768x1024.jpeg 768w, https:\/\/vandelftinterieur.nl\/wp-content\/uploads\/2026\/03\/image00091-1152x1536.jpeg 1152w, https:\/\/vandelftinterieur.nl\/wp-content\/uploads\/2026\/03\/image00091-1536x2048.jpeg 1536w\" sizes=\"auto, (max-width: 1920px) 100vw, 1920px\" \/><\/figure>\n\n\n\n<figure class=\"wp-block-image size-full\"><img loading=\"lazy\" decoding=\"async\" width=\"1920\" height=\"2560\" data-id=\"110\" src=\"https:\/\/vandelftinterieur.nl\/wp-content\/uploads\/2026\/03\/image00075-scaled.jpeg\" alt=\"\" class=\"wp-image-110\" style=\"aspect-ratio:1\" srcset=\"https:\/\/vandelftinterieur.nl\/wp-content\/uploads\/2026\/03\/image00075-scaled.jpeg 1920w, https:\/\/vandelftinterieur.nl\/wp-content\/uploads\/2026\/03\/image00075-225x300.jpeg 225w, https:\/\/vandelftinterieur.nl\/wp-content\/uploads\/2026\/03\/image00075-768x1024.jpeg 768w, https:\/\/vandelftinterieur.nl\/wp-content\/uploads\/2026\/03\/image00075-1152x1536.jpeg 1152w, https:\/\/vandelftinterieur.nl\/wp-content\/uploads\/2026\/03\/image00075-1536x2048.jpeg 1536w\" sizes=\"auto, (max-width: 1920px) 100vw, 1920px\" \/><\/figure>\n\n\n\n<figure class=\"wp-block-image size-full\"><img loading=\"lazy\" decoding=\"async\" width=\"1920\" height=\"2560\" data-id=\"107\" src=\"https:\/\/vandelftinterieur.nl\/wp-content\/uploads\/2026\/03\/image00072-scaled.jpeg\" alt=\"\" class=\"wp-image-107\" style=\"aspect-ratio:1\" srcset=\"https:\/\/vandelftinterieur.nl\/wp-content\/uploads\/2026\/03\/image00072-scaled.jpeg 1920w, https:\/\/vandelftinterieur.nl\/wp-content\/uploads\/2026\/03\/image00072-225x300.jpeg 225w, https:\/\/vandelftinterieur.nl\/wp-content\/uploads\/2026\/03\/image00072-768x1024.jpeg 768w, https:\/\/vandelftinterieur.nl\/wp-content\/uploads\/2026\/03\/image00072-1152x1536.jpeg 1152w, https:\/\/vandelftinterieur.nl\/wp-content\/uploads\/2026\/03\/image00072-1536x2048.jpeg 1536w\" sizes=\"auto, (max-width: 1920px) 100vw, 1920px\" \/><\/figure>\n\n\n\n<figure class=\"wp-block-image size-full\"><img loading=\"lazy\" decoding=\"async\" width=\"1920\" height=\"2560\" data-id=\"35\" src=\"https:\/\/vandelftinterieur.nl\/wp-content\/uploads\/2026\/03\/image00001-1-scaled.jpeg\" alt=\"\" class=\"wp-image-35\" style=\"aspect-ratio:1\" srcset=\"https:\/\/vandelftinterieur.nl\/wp-content\/uploads\/2026\/03\/image00001-1-scaled.jpeg 1920w, https:\/\/vandelftinterieur.nl\/wp-content\/uploads\/2026\/03\/image00001-1-225x300.jpeg 225w, https:\/\/vandelftinterieur.nl\/wp-content\/uploads\/2026\/03\/image00001-1-768x1024.jpeg 768w, https:\/\/vandelftinterieur.nl\/wp-content\/uploads\/2026\/03\/image00001-1-1152x1536.jpeg 1152w, https:\/\/vandelftinterieur.nl\/wp-content\/uploads\/2026\/03\/image00001-1-1536x2048.jpeg 1536w\" sizes=\"auto, (max-width: 1920px) 100vw, 1920px\" \/><\/figure>\n\n\n\n<figure class=\"wp-block-image size-full\"><img loading=\"lazy\" decoding=\"async\" width=\"1920\" height=\"2560\" data-id=\"75\" src=\"https:\/\/vandelftinterieur.nl\/wp-content\/uploads\/2026\/03\/image00041-scaled.jpeg\" alt=\"\" class=\"wp-image-75\" style=\"aspect-ratio:1\" srcset=\"https:\/\/vandelftinterieur.nl\/wp-content\/uploads\/2026\/03\/image00041-scaled.jpeg 1920w, https:\/\/vandelftinterieur.nl\/wp-content\/uploads\/2026\/03\/image00041-225x300.jpeg 225w, https:\/\/vandelftinterieur.nl\/wp-content\/uploads\/2026\/03\/image00041-768x1024.jpeg 768w, https:\/\/vandelftinterieur.nl\/wp-content\/uploads\/2026\/03\/image00041-1152x1536.jpeg 1152w, https:\/\/vandelftinterieur.nl\/wp-content\/uploads\/2026\/03\/image00041-1536x2048.jpeg 1536w\" sizes=\"auto, (max-width: 1920px) 100vw, 1920px\" \/><\/figure>\n\n\n\n<figure class=\"wp-block-image size-full\"><img loading=\"lazy\" decoding=\"async\" width=\"1920\" height=\"2560\" data-id=\"73\" src=\"https:\/\/vandelftinterieur.nl\/wp-content\/uploads\/2026\/03\/image00039-scaled.jpeg\" alt=\"\" class=\"wp-image-73\" style=\"aspect-ratio:1\" srcset=\"https:\/\/vandelftinterieur.nl\/wp-content\/uploads\/2026\/03\/image00039-scaled.jpeg 1920w, https:\/\/vandelftinterieur.nl\/wp-content\/uploads\/2026\/03\/image00039-225x300.jpeg 225w, https:\/\/vandelftinterieur.nl\/wp-content\/uploads\/2026\/03\/image00039-768x1024.jpeg 768w, https:\/\/vandelftinterieur.nl\/wp-content\/uploads\/2026\/03\/image00039-1152x1536.jpeg 1152w, https:\/\/vandelftinterieur.nl\/wp-content\/uploads\/2026\/03\/image00039-1536x2048.jpeg 1536w\" sizes=\"auto, (max-width: 1920px) 100vw, 1920px\" \/><\/figure>\n\n\n\n<figure class=\"wp-block-image size-full\"><img loading=\"lazy\" decoding=\"async\" width=\"1920\" height=\"2560\" data-id=\"137\" src=\"https:\/\/vandelftinterieur.nl\/wp-content\/uploads\/2026\/03\/image00102-scaled.jpeg\" alt=\"\" class=\"wp-image-137\" style=\"aspect-ratio:1\" srcset=\"https:\/\/vandelftinterieur.nl\/wp-content\/uploads\/2026\/03\/image00102-scaled.jpeg 1920w, https:\/\/vandelftinterieur.nl\/wp-content\/uploads\/2026\/03\/image00102-225x300.jpeg 225w, https:\/\/vandelftinterieur.nl\/wp-content\/uploads\/2026\/03\/image00102-768x1024.jpeg 768w, https:\/\/vandelftinterieur.nl\/wp-content\/uploads\/2026\/03\/image00102-1152x1536.jpeg 1152w, https:\/\/vandelftinterieur.nl\/wp-content\/uploads\/2026\/03\/image00102-1536x2048.jpeg 1536w\" sizes=\"auto, (max-width: 1920px) 100vw, 1920px\" \/><\/figure>\n\n\n\n<figure class=\"wp-block-image size-full\"><img loading=\"lazy\" decoding=\"async\" width=\"1920\" height=\"2560\" data-id=\"154\" src=\"https:\/\/vandelftinterieur.nl\/wp-content\/uploads\/2026\/03\/image00119-scaled.jpeg\" alt=\"\" class=\"wp-image-154\" style=\"aspect-ratio:1\" srcset=\"https:\/\/vandelftinterieur.nl\/wp-content\/uploads\/2026\/03\/image00119-scaled.jpeg 1920w, https:\/\/vandelftinterieur.nl\/wp-content\/uploads\/2026\/03\/image00119-225x300.jpeg 225w, https:\/\/vandelftinterieur.nl\/wp-content\/uploads\/2026\/03\/image00119-768x1024.jpeg 768w, https:\/\/vandelftinterieur.nl\/wp-content\/uploads\/2026\/03\/image00119-1152x1536.jpeg 1152w, https:\/\/vandelftinterieur.nl\/wp-content\/uploads\/2026\/03\/image00119-1536x2048.jpeg 1536w\" sizes=\"auto, (max-width: 1920px) 100vw, 1920px\" \/><\/figure>\n\n\n\n<figure class=\"wp-block-image size-full\"><img loading=\"lazy\" decoding=\"async\" width=\"1920\" height=\"2560\" data-id=\"50\" src=\"https:\/\/vandelftinterieur.nl\/wp-content\/uploads\/2026\/03\/image00016-scaled.jpeg\" alt=\"\" class=\"wp-image-50\" style=\"aspect-ratio:1\" srcset=\"https:\/\/vandelftinterieur.nl\/wp-content\/uploads\/2026\/03\/image00016-scaled.jpeg 1920w, https:\/\/vandelftinterieur.nl\/wp-content\/uploads\/2026\/03\/image00016-225x300.jpeg 225w, https:\/\/vandelftinterieur.nl\/wp-content\/uploads\/2026\/03\/image00016-768x1024.jpeg 768w, https:\/\/vandelftinterieur.nl\/wp-content\/uploads\/2026\/03\/image00016-1152x1536.jpeg 1152w, https:\/\/vandelftinterieur.nl\/wp-content\/uploads\/2026\/03\/image00016-1536x2048.jpeg 1536w\" sizes=\"auto, (max-width: 1920px) 100vw, 1920px\" \/><\/figure>\n\n\n\n<figure class=\"wp-block-image size-full\"><img loading=\"lazy\" decoding=\"async\" width=\"1920\" height=\"2560\" data-id=\"53\" src=\"https:\/\/vandelftinterieur.nl\/wp-content\/uploads\/2026\/03\/image00019-scaled.jpeg\" alt=\"\" class=\"wp-image-53\" style=\"aspect-ratio:1\" srcset=\"https:\/\/vandelftinterieur.nl\/wp-content\/uploads\/2026\/03\/image00019-scaled.jpeg 1920w, https:\/\/vandelftinterieur.nl\/wp-content\/uploads\/2026\/03\/image00019-225x300.jpeg 225w, https:\/\/vandelftinterieur.nl\/wp-content\/uploads\/2026\/03\/image00019-768x1024.jpeg 768w, https:\/\/vandelftinterieur.nl\/wp-content\/uploads\/2026\/03\/image00019-1152x1536.jpeg 1152w, https:\/\/vandelftinterieur.nl\/wp-content\/uploads\/2026\/03\/image00019-1536x2048.jpeg 1536w\" sizes=\"auto, (max-width: 1920px) 100vw, 1920px\" \/><\/figure>\n\n\n\n<figure class=\"wp-block-image size-full\"><img loading=\"lazy\" decoding=\"async\" width=\"1920\" height=\"2560\" data-id=\"52\" src=\"https:\/\/vandelftinterieur.nl\/wp-content\/uploads\/2026\/03\/image00018-scaled.jpeg\" alt=\"\" class=\"wp-image-52\" style=\"aspect-ratio:1\" srcset=\"https:\/\/vandelftinterieur.nl\/wp-content\/uploads\/2026\/03\/image00018-scaled.jpeg 1920w, https:\/\/vandelftinterieur.nl\/wp-content\/uploads\/2026\/03\/image00018-225x300.jpeg 225w, https:\/\/vandelftinterieur.nl\/wp-content\/uploads\/2026\/03\/image00018-768x1024.jpeg 768w, https:\/\/vandelftinterieur.nl\/wp-content\/uploads\/2026\/03\/image00018-1152x1536.jpeg 1152w, https:\/\/vandelftinterieur.nl\/wp-content\/uploads\/2026\/03\/image00018-1536x2048.jpeg 1536w\" sizes=\"auto, (max-width: 1920px) 100vw, 1920px\" \/><\/figure>\n\n\n\n<figure class=\"wp-block-image size-full\"><img loading=\"lazy\" decoding=\"async\" width=\"1920\" height=\"2560\" data-id=\"51\" src=\"https:\/\/vandelftinterieur.nl\/wp-content\/uploads\/2026\/03\/image00017-scaled.jpeg\" alt=\"\" class=\"wp-image-51\" style=\"aspect-ratio:1\" srcset=\"https:\/\/vandelftinterieur.nl\/wp-content\/uploads\/2026\/03\/image00017-scaled.jpeg 1920w, https:\/\/vandelftinterieur.nl\/wp-content\/uploads\/2026\/03\/image00017-225x300.jpeg 225w, https:\/\/vandelftinterieur.nl\/wp-content\/uploads\/2026\/03\/image00017-768x1024.jpeg 768w, https:\/\/vandelftinterieur.nl\/wp-content\/uploads\/2026\/03\/image00017-1152x1536.jpeg 1152w, https:\/\/vandelftinterieur.nl\/wp-content\/uploads\/2026\/03\/image00017-1536x2048.jpeg 1536w\" sizes=\"auto, (max-width: 1920px) 100vw, 1920px\" \/><\/figure>\n<\/figure>\n<\/div>\n","protected":false},"excerpt":{"rendered":"<p>Binnendeuren &amp; Voordeuren Maatwerk deuren geven uw woning een unieke uitstraling. Wij ontwerpen, tekenen, maken en plaatsen binnendeuren en voordeuren die passen bij de stijl van het huis. Hiernaast zorgen wij ook voor een mooie &amp; duurzame afwerking. Van idee tot realisatie 1. Ori\u00ebntatiegesprek: We bespreken indeling, stijl, kleuren en budget. 2. 3D ontwerp: U [&hellip;]<\/p>\n","protected":false},"author":1,"featured_media":0,"parent":0,"menu_order":0,"comment_status":"closed","ping_status":"closed","template":"superbaddons-page-template","meta":{"footnotes":""},"class_list":["post-270","page","type-page","status-publish","hentry"],"_links":{"self":[{"href":"https:\/\/vandelftinterieur.nl\/index.php?rest_route=\/wp\/v2\/pages\/270","targetHints":{"allow":["GET"]}}],"collection":[{"href":"https:\/\/vandelftinterieur.nl\/index.php?rest_route=\/wp\/v2\/pages"}],"about":[{"href":"https:\/\/vandelftinterieur.nl\/index.php?rest_route=\/wp\/v2\/types\/page"}],"author":[{"embeddable":true,"href":"https:\/\/vandelftinterieur.nl\/index.php?rest_route=\/wp\/v2\/users\/1"}],"replies":[{"embeddable":true,"href":"https:\/\/vandelftinterieur.nl\/index.php?rest_route=%2Fwp%2Fv2%2Fcomments&post=270"}],"version-history":[{"count":7,"href":"https:\/\/vandelftinterieur.nl\/index.php?rest_route=\/wp\/v2\/pages\/270\/revisions"}],"predecessor-version":[{"id":350,"href":"https:\/\/vandelftinterieur.nl\/index.php?rest_route=\/wp\/v2\/pages\/270\/revisions\/350"}],"wp:attachment":[{"href":"https:\/\/vandelftinterieur.nl\/index.php?rest_route=%2Fwp%2Fv2%2Fmedia&parent=270"}],"curies":[{"name":"wp","href":"https:\/\/api.w.org\/{rel}","templated":true}]}}