{"id":269,"date":"2026-03-14T13:11:18","date_gmt":"2026-03-14T13:11:18","guid":{"rendered":"https:\/\/vandelftinterieur.nl\/?page_id=269"},"modified":"2026-03-15T19:07:18","modified_gmt":"2026-03-15T19:07:18","slug":"vensterbanken","status":"publish","type":"page","link":"https:\/\/vandelftinterieur.nl\/?page_id=269","title":{"rendered":"Vensterbanken"},"content":{"rendered":"\n<div class=\"wp-block-group has-mono-1-background-color has-background is-layout-flow wp-container-core-group-is-layout-ce397403 wp-block-group-is-layout-flow\" style=\"margin-top:0;margin-bottom:0;padding-top:0;padding-right:0;padding-bottom:0;padding-left:0\">\n<div class=\"wp-block-cover is-light\" style=\"padding-top:var(--wp--preset--spacing--superbspacing-xlarge);padding-right:0;padding-bottom:var(--wp--preset--spacing--superbspacing-xlarge);padding-left:0;min-height:50px;aspect-ratio:unset;\"><img loading=\"lazy\" decoding=\"async\" width=\"2560\" height=\"1920\" class=\"wp-block-cover__image-background wp-image-66 size-full\" alt=\"\" src=\"https:\/\/vandelftinterieur.nl\/wp-content\/uploads\/2026\/03\/image00032-scaled.jpeg\" style=\"object-position:51% 75%\" data-object-fit=\"cover\" data-object-position=\"51% 75%\" srcset=\"https:\/\/vandelftinterieur.nl\/wp-content\/uploads\/2026\/03\/image00032-scaled.jpeg 2560w, https:\/\/vandelftinterieur.nl\/wp-content\/uploads\/2026\/03\/image00032-300x225.jpeg 300w, https:\/\/vandelftinterieur.nl\/wp-content\/uploads\/2026\/03\/image00032-1024x768.jpeg 1024w, https:\/\/vandelftinterieur.nl\/wp-content\/uploads\/2026\/03\/image00032-768x576.jpeg 768w, https:\/\/vandelftinterieur.nl\/wp-content\/uploads\/2026\/03\/image00032-1536x1152.jpeg 1536w, https:\/\/vandelftinterieur.nl\/wp-content\/uploads\/2026\/03\/image00032-2048x1536.jpeg 2048w\" sizes=\"auto, (max-width: 2560px) 100vw, 2560px\" \/><span aria-hidden=\"true\" class=\"wp-block-cover__background has-background-dim-40 has-background-dim\" style=\"background-color:#889199\"><\/span><div class=\"wp-block-cover__inner-container is-layout-flow wp-block-cover-is-layout-flow\">\n<div class=\"wp-block-group has-global-padding is-layout-constrained wp-container-core-group-is-layout-27ec71c5 wp-block-group-is-layout-constrained\" style=\"padding-top:0;padding-right:var(--wp--preset--spacing--superbspacing-small);padding-bottom:0;padding-left:var(--wp--preset--spacing--superbspacing-small)\">\n<div class=\"wp-block-group has-global-padding is-content-justification-center is-layout-constrained wp-container-core-group-is-layout-32b5ec3b wp-block-group-is-layout-constrained\" style=\"margin-top:0;margin-bottom:0\">\n<h1 class=\"wp-block-heading has-text-align-center has-text-color has-superbfont-xxlarge-font-size\" style=\"color:#fdfdfd;font-style:normal;font-weight:400\">PRODUCTEN MET EEN VERHAAL<\/h1>\n\n\n\n<div class=\"wp-block-buttons is-content-justification-center is-layout-flex wp-container-core-buttons-is-layout-a89b3969 wp-block-buttons-is-layout-flex\">\n<div class=\"wp-block-button is-style-outline is-style-outline--1\"><a class=\"wp-block-button__link has-contrast-light-color has-text-color has-link-color has-border-color has-contrast-light-border-color wp-element-button\" style=\"border-width:1px\">Neem contact op<\/a><\/div>\n\n\n\n<div class=\"wp-block-button\"><a class=\"wp-block-button__link wp-element-button\">Vind ons op google maps<\/a><\/div>\n<\/div>\n<\/div>\n<\/div>\n<\/div><\/div>\n<\/div>\n\n\n\n<div class=\"wp-block-group alignfull has-mono-4-background-color has-background has-global-padding is-layout-constrained wp-container-core-group-is-layout-129f6e7c wp-block-group-is-layout-constrained\" style=\"margin-top:0;margin-bottom:0;padding-top:var(--wp--preset--spacing--superbspacing-large);padding-right:var(--wp--preset--spacing--superbspacing-small);padding-bottom:var(--wp--preset--spacing--superbspacing-large);padding-left:var(--wp--preset--spacing--superbspacing-small)\">\n<div class=\"wp-block-columns alignwide is-layout-flex wp-container-core-columns-is-layout-25593187 wp-block-columns-is-layout-flex\">\n<div class=\"wp-block-column is-vertically-aligned-center is-layout-flow wp-container-core-column-is-layout-a1628350 wp-block-column-is-layout-flow\" style=\"padding-top:0;padding-right:0;padding-bottom:0;padding-left:0\">\n<div class=\"wp-block-group is-layout-flow wp-container-core-group-is-layout-ff697075 wp-block-group-is-layout-flow\">\n<h3 class=\"wp-block-heading has-text-align-left has-superbfont-xlarge-font-size\" style=\"line-height:1.2\">Vensterbanken<\/h3>\n\n\n\n<p><\/p>\n\n\n\n<p class=\"has-mono-2-color has-text-color has-link-color wp-elements-98676536c1d3fcb527fbeb6468b54013\">Een vensterbank kan een ruimte n\u00e9t dat extra karakter geven. Wij maken vensterbanken op maat die perfect aansluiten bij uw kozijnen, interieur en materiaalkeuze.<br><\/p>\n\n\n\n<p class=\"has-mono-2-color has-text-color has-link-color wp-elements-b0c8176ff59e6f8be2338a3417cabcd0\">Door samenwerking met vaste vakmensen nemen wij het complete project uit handen. E\u00e9n aanspreekpunt, \u00e9\u00e9n planning, alles geregeld.<\/p>\n<\/div>\n<\/div>\n<\/div>\n\n\n\n<figure class=\"wp-block-gallery has-nested-images columns-3 is-cropped wp-block-gallery-2 is-layout-flex wp-block-gallery-is-layout-flex\">\n<figure class=\"wp-block-image size-full\"><img loading=\"lazy\" decoding=\"async\" width=\"2560\" height=\"1920\" data-id=\"63\" src=\"https:\/\/vandelftinterieur.nl\/wp-content\/uploads\/2026\/03\/image00029-scaled.jpeg\" alt=\"\" class=\"wp-image-63\" style=\"aspect-ratio:1\" srcset=\"https:\/\/vandelftinterieur.nl\/wp-content\/uploads\/2026\/03\/image00029-scaled.jpeg 2560w, https:\/\/vandelftinterieur.nl\/wp-content\/uploads\/2026\/03\/image00029-300x225.jpeg 300w, https:\/\/vandelftinterieur.nl\/wp-content\/uploads\/2026\/03\/image00029-1024x768.jpeg 1024w, https:\/\/vandelftinterieur.nl\/wp-content\/uploads\/2026\/03\/image00029-768x576.jpeg 768w, https:\/\/vandelftinterieur.nl\/wp-content\/uploads\/2026\/03\/image00029-1536x1152.jpeg 1536w, https:\/\/vandelftinterieur.nl\/wp-content\/uploads\/2026\/03\/image00029-2048x1536.jpeg 2048w\" sizes=\"auto, (max-width: 2560px) 100vw, 2560px\" \/><\/figure>\n\n\n\n<figure class=\"wp-block-image size-full\"><img loading=\"lazy\" decoding=\"async\" width=\"1920\" height=\"2560\" data-id=\"111\" src=\"https:\/\/vandelftinterieur.nl\/wp-content\/uploads\/2026\/03\/image00076-scaled.jpeg\" alt=\"\" class=\"wp-image-111\" style=\"aspect-ratio:1\" srcset=\"https:\/\/vandelftinterieur.nl\/wp-content\/uploads\/2026\/03\/image00076-scaled.jpeg 1920w, https:\/\/vandelftinterieur.nl\/wp-content\/uploads\/2026\/03\/image00076-225x300.jpeg 225w, https:\/\/vandelftinterieur.nl\/wp-content\/uploads\/2026\/03\/image00076-768x1024.jpeg 768w, https:\/\/vandelftinterieur.nl\/wp-content\/uploads\/2026\/03\/image00076-1152x1536.jpeg 1152w, https:\/\/vandelftinterieur.nl\/wp-content\/uploads\/2026\/03\/image00076-1536x2048.jpeg 1536w\" sizes=\"auto, (max-width: 1920px) 100vw, 1920px\" \/><\/figure>\n\n\n\n<figure class=\"wp-block-image size-full\"><img loading=\"lazy\" decoding=\"async\" width=\"1920\" height=\"2560\" data-id=\"49\" src=\"https:\/\/vandelftinterieur.nl\/wp-content\/uploads\/2026\/03\/image00015-scaled.jpeg\" alt=\"\" class=\"wp-image-49\" style=\"aspect-ratio:1\" srcset=\"https:\/\/vandelftinterieur.nl\/wp-content\/uploads\/2026\/03\/image00015-scaled.jpeg 1920w, https:\/\/vandelftinterieur.nl\/wp-content\/uploads\/2026\/03\/image00015-225x300.jpeg 225w, https:\/\/vandelftinterieur.nl\/wp-content\/uploads\/2026\/03\/image00015-768x1024.jpeg 768w, https:\/\/vandelftinterieur.nl\/wp-content\/uploads\/2026\/03\/image00015-1152x1536.jpeg 1152w, https:\/\/vandelftinterieur.nl\/wp-content\/uploads\/2026\/03\/image00015-1536x2048.jpeg 1536w\" sizes=\"auto, (max-width: 1920px) 100vw, 1920px\" \/><\/figure>\n<\/figure>\n<\/div>\n","protected":false},"excerpt":{"rendered":"<p>Vensterbanken Een vensterbank kan een ruimte n\u00e9t dat extra karakter geven. Wij maken vensterbanken op maat die perfect aansluiten bij uw kozijnen, interieur en materiaalkeuze. Door samenwerking met vaste vakmensen nemen wij het complete project uit handen. E\u00e9n aanspreekpunt, \u00e9\u00e9n planning, alles geregeld.<\/p>\n","protected":false},"author":1,"featured_media":0,"parent":0,"menu_order":0,"comment_status":"closed","ping_status":"closed","template":"superbaddons-page-template","meta":{"footnotes":""},"class_list":["post-269","page","type-page","status-publish","hentry"],"_links":{"self":[{"href":"https:\/\/vandelftinterieur.nl\/index.php?rest_route=\/wp\/v2\/pages\/269","targetHints":{"allow":["GET"]}}],"collection":[{"href":"https:\/\/vandelftinterieur.nl\/index.php?rest_route=\/wp\/v2\/pages"}],"about":[{"href":"https:\/\/vandelftinterieur.nl\/index.php?rest_route=\/wp\/v2\/types\/page"}],"author":[{"embeddable":true,"href":"https:\/\/vandelftinterieur.nl\/index.php?rest_route=\/wp\/v2\/users\/1"}],"replies":[{"embeddable":true,"href":"https:\/\/vandelftinterieur.nl\/index.php?rest_route=%2Fwp%2Fv2%2Fcomments&post=269"}],"version-history":[{"count":5,"href":"https:\/\/vandelftinterieur.nl\/index.php?rest_route=\/wp\/v2\/pages\/269\/revisions"}],"predecessor-version":[{"id":316,"href":"https:\/\/vandelftinterieur.nl\/index.php?rest_route=\/wp\/v2\/pages\/269\/revisions\/316"}],"wp:attachment":[{"href":"https:\/\/vandelftinterieur.nl\/index.php?rest_route=%2Fwp%2Fv2%2Fmedia&parent=269"}],"curies":[{"name":"wp","href":"https:\/\/api.w.org\/{rel}","templated":true}]}}